{"id":2440,"date":"2024-07-01T08:52:31","date_gmt":"2024-07-01T08:52:31","guid":{"rendered":"https:\/\/cars-select.lt\/?page_id=2440"},"modified":"2025-12-29T15:07:00","modified_gmt":"2025-12-29T15:07:00","slug":"lizingas-automobiliui","status":"publish","type":"page","link":"https:\/\/cars-select.lt\/en\/lizingas-automobiliui\/","title":{"rendered":"lizingas automobiliui"},"content":{"rendered":"<div data-elementor-type=\"wp-page\" data-elementor-id=\"2440\" class=\"elementor elementor-2440\" data-elementor-post-type=\"page\">\n\t\t\t\t\t\t<section class=\"elementor-section elementor-top-section elementor-element elementor-element-f1ac53f elementor-section-boxed elementor-section-height-default elementor-section-height-default sc_fly_static\" data-id=\"f1ac53f\" data-element_type=\"section\" data-e-type=\"section\">\n\t\t\t\t\t\t<div class=\"elementor-container elementor-column-gap-extended\">\n\t\t\t\t\t<div class=\"elementor-column elementor-col-100 elementor-top-column elementor-element elementor-element-62d0e1f sc_content_align_inherit sc_layouts_column_icons_position_left sc_fly_static\" data-id=\"62d0e1f\" data-element_type=\"column\" data-e-type=\"column\">\n\t\t\t<div class=\"elementor-widget-wrap elementor-element-populated\">\n\t\t\t\t\t\t<div class=\"elementor-element elementor-element-8510144 sc_height_huge sc_fly_static elementor-widget elementor-widget-spacer\" data-id=\"8510144\" data-element_type=\"widget\" data-e-type=\"widget\" data-widget_type=\"spacer.default\">\n\t\t\t\t<div class=\"elementor-widget-container\">\n\t\t\t\t\t\t\t<div class=\"elementor-spacer\">\n\t\t\t<div class=\"elementor-spacer-inner\"><\/div>\n\t\t<\/div>\n\t\t\t\t\t\t<\/div>\n\t\t\t\t<\/div>\n\t\t\t\t\t<\/div>\n\t\t<\/div>\n\t\t\t\t\t<\/div>\n\t\t<\/section>\n\t\t\t\t<section class=\"elementor-section elementor-top-section elementor-element elementor-element-448c4eca elementor-section-boxed elementor-section-height-default elementor-section-height-default sc_fly_static\" data-id=\"448c4eca\" data-element_type=\"section\" data-e-type=\"section\">\n\t\t\t\t\t\t<div class=\"elementor-container elementor-column-gap-extended\">\n\t\t\t\t\t<div class=\"elementor-column elementor-col-100 elementor-top-column elementor-element elementor-element-707a9a52 sc_column_fixed sc_content_align_inherit sc_layouts_column_icons_position_left sc_fly_static\" data-id=\"707a9a52\" data-element_type=\"column\" data-e-type=\"column\">\n\t\t\t<div class=\"elementor-widget-wrap elementor-element-populated\">\n\t\t\t\t\t\t<div data-animation-type=\"block\" class=\"elementor-element elementor-element-7b4a96f1 animation_type_block sc_fly_static elementor-invisible elementor-widget elementor-widget-trx_sc_title\" data-id=\"7b4a96f1\" data-element_type=\"widget\" data-e-type=\"widget\" data-settings=\"{&quot;_animation&quot;:&quot;carz-fadein&quot;}\" data-widget_type=\"trx_sc_title.default\">\n\t\t\t\t<div class=\"elementor-widget-container\">\n\t\t\t\t\t<div\t\tclass=\"sc_title sc_title_default\" ><h2 class=\"sc_item_title sc_title_title sc_item_title_style_default sc_item_title_tag\"\n\t\t\t><span class=\"sc_item_title_text\">Kaip tai vyksta?<\/span><\/h2><div class=\"sc_item_descr sc_title_descr\"><p>Automobilio pirkimo lizingu procesas su mumis yra gan paprastas - tiesiog 3 \u017eingsniai - ir automobilis J\u016bs\u0173!<\/p>\n<\/div><\/div>\t\t\t\t<\/div>\n\t\t\t\t<\/div>\n\t\t\t\t\t<\/div>\n\t\t<\/div>\n\t\t\t\t\t<\/div>\n\t\t<\/section>\n\t\t\t\t<section class=\"elementor-section elementor-top-section elementor-element elementor-element-3d3d5d3 elementor-section-boxed elementor-section-height-default elementor-section-height-default sc_fly_static\" data-id=\"3d3d5d3\" data-element_type=\"section\" data-e-type=\"section\">\n\t\t\t\t\t\t<div class=\"elementor-container elementor-column-gap-extended\">\n\t\t\t\t\t<div class=\"elementor-column elementor-col-100 elementor-top-column elementor-element elementor-element-8816788 sc_content_align_inherit sc_layouts_column_icons_position_left sc_fly_static\" data-id=\"8816788\" data-element_type=\"column\" data-e-type=\"column\">\n\t\t\t<div class=\"elementor-widget-wrap\">\n\t\t\t\t\t\t\t<\/div>\n\t\t<\/div>\n\t\t\t\t\t<\/div>\n\t\t<\/section>\n\t\t<div class=\"elementor-element elementor-element-2922fba4 e-flex e-con-boxed sc_layouts_column_icons_position_left e-con e-parent\" data-id=\"2922fba4\" data-element_type=\"container\" data-e-type=\"container\" data-settings=\"{&quot;background_background&quot;:&quot;classic&quot;}\">\n\t\t\t\t\t<div class=\"e-con-inner\">\n\t\t<div class=\"elementor-element elementor-element-2e21c514 e-con-full e-flex sc_layouts_column_icons_position_left e-con e-child\" data-id=\"2e21c514\" data-element_type=\"container\" data-e-type=\"container\">\n\t\t\t\t<div data-animation-type=\"block\" class=\"elementor-element elementor-element-3804bd4e elementor-position-top animation_type_block sc_fly_static elementor-invisible elementor-widget elementor-widget-image-box\" data-id=\"3804bd4e\" data-element_type=\"widget\" data-e-type=\"widget\" data-settings=\"{&quot;_animation&quot;:&quot;slideInLeft&quot;}\" data-widget_type=\"image-box.default\">\n\t\t\t\t<div class=\"elementor-widget-container\">\n\t\t\t\t\t<div class=\"elementor-image-box-wrapper\"><figure class=\"elementor-image-box-img\"><img fetchpriority=\"high\" decoding=\"async\" width=\"480\" height=\"480\" src=\"https:\/\/cars-select.lt\/wp-content\/uploads\/2025\/03\/1-circle_hires.png\" class=\"attachment-full size-full wp-image-6792\" alt=\"\" srcset=\"https:\/\/cars-select.lt\/wp-content\/uploads\/2025\/03\/1-circle_hires.png 480w, https:\/\/cars-select.lt\/wp-content\/uploads\/2025\/03\/1-circle_hires-300x300.png 300w, https:\/\/cars-select.lt\/wp-content\/uploads\/2025\/03\/1-circle_hires-150x150.png 150w, https:\/\/cars-select.lt\/wp-content\/uploads\/2025\/03\/1-circle_hires-12x12.png 12w, https:\/\/cars-select.lt\/wp-content\/uploads\/2025\/03\/1-circle_hires-370x370.png 370w, https:\/\/cars-select.lt\/wp-content\/uploads\/2025\/03\/1-circle_hires-120x120.png 120w, https:\/\/cars-select.lt\/wp-content\/uploads\/2025\/03\/1-circle_hires-410x410.png 410w\" sizes=\"(max-width: 600px) 100vw, 480px\" \/><\/figure><div class=\"elementor-image-box-content\"><p class=\"elementor-image-box-description\">M\u016bs\u0173 specialistai susisieks su Jumis ir pad\u0117s rasti geriausi\u0105 finansavimo sprendim\u0105 J\u016bs\u0173 pasirinktam automobiliui<\/p><\/div><\/div>\t\t\t\t<\/div>\n\t\t\t\t<\/div>\n\t\t\t\t<\/div>\n\t\t<div class=\"elementor-element elementor-element-1e121d8f e-con-full e-flex sc_layouts_column_icons_position_left e-con e-child\" data-id=\"1e121d8f\" data-element_type=\"container\" data-e-type=\"container\">\n\t\t\t\t<div data-animation-type=\"block\" class=\"elementor-element elementor-element-46e42879 elementor-position-top animation_type_block sc_fly_static elementor-invisible elementor-widget elementor-widget-image-box\" data-id=\"46e42879\" data-element_type=\"widget\" data-e-type=\"widget\" data-settings=\"{&quot;_animation&quot;:&quot;slideInLeft&quot;}\" data-widget_type=\"image-box.default\">\n\t\t\t\t<div class=\"elementor-widget-container\">\n\t\t\t\t\t<div class=\"elementor-image-box-wrapper\"><figure class=\"elementor-image-box-img\"><img decoding=\"async\" width=\"480\" height=\"480\" src=\"https:\/\/cars-select.lt\/wp-content\/uploads\/2025\/03\/2-circle-c_hires.png\" class=\"attachment-full size-full wp-image-6793\" alt=\"\" srcset=\"https:\/\/cars-select.lt\/wp-content\/uploads\/2025\/03\/2-circle-c_hires.png 480w, https:\/\/cars-select.lt\/wp-content\/uploads\/2025\/03\/2-circle-c_hires-300x300.png 300w, https:\/\/cars-select.lt\/wp-content\/uploads\/2025\/03\/2-circle-c_hires-150x150.png 150w, https:\/\/cars-select.lt\/wp-content\/uploads\/2025\/03\/2-circle-c_hires-12x12.png 12w, https:\/\/cars-select.lt\/wp-content\/uploads\/2025\/03\/2-circle-c_hires-370x370.png 370w, https:\/\/cars-select.lt\/wp-content\/uploads\/2025\/03\/2-circle-c_hires-120x120.png 120w, https:\/\/cars-select.lt\/wp-content\/uploads\/2025\/03\/2-circle-c_hires-410x410.png 410w\" sizes=\"(max-width: 600px) 100vw, 480px\" \/><\/figure><div class=\"elementor-image-box-content\"><p class=\"elementor-image-box-description\">Procesas yra greitas \u2013 automobil\u012f galite \u012fsigyti per vien\u0105 dien\u0105, kai u\u017epildote parai\u0161k\u0105. Dokument\u0173 paruo\u0161imas m\u016bs\u0173 biure ir internetu trunka ma\u017eiau nei 30 minu\u010di\u0173.<\/p><\/div><\/div>\t\t\t\t<\/div>\n\t\t\t\t<\/div>\n\t\t\t\t<\/div>\n\t\t<div class=\"elementor-element elementor-element-22fe8dc e-con-full e-flex sc_layouts_column_icons_position_left e-con e-child\" data-id=\"22fe8dc\" data-element_type=\"container\" data-e-type=\"container\">\n\t\t\t\t<div data-animation-type=\"block\" class=\"elementor-element elementor-element-2d850b9a elementor-position-top animation_type_block sc_fly_static elementor-invisible elementor-widget elementor-widget-image-box\" data-id=\"2d850b9a\" data-element_type=\"widget\" data-e-type=\"widget\" data-settings=\"{&quot;_animation&quot;:&quot;slideInLeft&quot;}\" data-widget_type=\"image-box.default\">\n\t\t\t\t<div class=\"elementor-widget-container\">\n\t\t\t\t\t<div class=\"elementor-image-box-wrapper\"><figure class=\"elementor-image-box-img\"><img decoding=\"async\" width=\"480\" height=\"480\" src=\"https:\/\/cars-select.lt\/wp-content\/uploads\/2025\/03\/3-circle-c_hires.png\" class=\"attachment-full size-full wp-image-6794\" alt=\"\" srcset=\"https:\/\/cars-select.lt\/wp-content\/uploads\/2025\/03\/3-circle-c_hires.png 480w, https:\/\/cars-select.lt\/wp-content\/uploads\/2025\/03\/3-circle-c_hires-300x300.png 300w, https:\/\/cars-select.lt\/wp-content\/uploads\/2025\/03\/3-circle-c_hires-150x150.png 150w, https:\/\/cars-select.lt\/wp-content\/uploads\/2025\/03\/3-circle-c_hires-12x12.png 12w, https:\/\/cars-select.lt\/wp-content\/uploads\/2025\/03\/3-circle-c_hires-370x370.png 370w, https:\/\/cars-select.lt\/wp-content\/uploads\/2025\/03\/3-circle-c_hires-120x120.png 120w, https:\/\/cars-select.lt\/wp-content\/uploads\/2025\/03\/3-circle-c_hires-410x410.png 410w\" sizes=\"(max-width: 600px) 100vw, 480px\" \/><\/figure><div class=\"elementor-image-box-content\"><p class=\"elementor-image-box-description\">Jums nereik\u0117s mok\u0117ti pradinio \u012fna\u0161o ar draudimo \u2013 tai apmok\u0117sime mes. Visi m\u016bs\u0173 si\u016blomi automobiliai yra i\u0161 patikim\u0173 tiek\u0117j\u0173 Vakar\u0173 Europoje, si\u016blome \u012fvairius garantij\u0173 paketus.<\/p><\/div><\/div>\t\t\t\t<\/div>\n\t\t\t\t<\/div>\n\t\t\t\t<\/div>\n\t\t\t\t\t<\/div>\n\t\t\t\t<\/div>\n\t\t\t\t<section class=\"elementor-section elementor-top-section elementor-element elementor-element-a4a7b14 elementor-section-boxed elementor-section-height-default elementor-section-height-default sc_fly_static\" data-id=\"a4a7b14\" data-element_type=\"section\" data-e-type=\"section\">\n\t\t\t\t\t\t<div class=\"elementor-container elementor-column-gap-extended\">\n\t\t\t\t\t<div class=\"elementor-column elementor-col-100 elementor-top-column elementor-element elementor-element-6f58b52 sc_content_align_inherit sc_layouts_column_icons_position_left sc_fly_static\" data-id=\"6f58b52\" data-element_type=\"column\" data-e-type=\"column\">\n\t\t\t<div class=\"elementor-widget-wrap elementor-element-populated\">\n\t\t\t\t\t\t<div class=\"elementor-element elementor-element-ce10100 sc_height_huge sc_fly_static elementor-widget elementor-widget-spacer\" data-id=\"ce10100\" data-element_type=\"widget\" data-e-type=\"widget\" data-widget_type=\"spacer.default\">\n\t\t\t\t<div class=\"elementor-widget-container\">\n\t\t\t\t\t\t\t<div class=\"elementor-spacer\">\n\t\t\t<div class=\"elementor-spacer-inner\"><\/div>\n\t\t<\/div>\n\t\t\t\t\t\t<\/div>\n\t\t\t\t<\/div>\n\t\t\t\t\t<\/div>\n\t\t<\/div>\n\t\t\t\t\t<\/div>\n\t\t<\/section>\n\t\t\t\t<section class=\"elementor-section elementor-top-section elementor-element elementor-element-756d8d8 elementor-section-boxed elementor-section-height-default elementor-section-height-default sc_fly_static\" data-id=\"756d8d8\" data-element_type=\"section\" data-e-type=\"section\">\n\t\t\t\t\t\t<div class=\"elementor-container elementor-column-gap-extended\">\n\t\t\t\t\t<div class=\"elementor-column elementor-col-100 elementor-top-column elementor-element elementor-element-5296ef3 sc_column_fixed sc_content_align_inherit sc_layouts_column_icons_position_left sc_fly_static\" data-id=\"5296ef3\" data-element_type=\"column\" data-e-type=\"column\">\n\t\t\t<div class=\"elementor-widget-wrap elementor-element-populated\">\n\t\t\t\t\t\t<div data-animation-type=\"block\" class=\"elementor-element elementor-element-734a02a animation_type_block sc_fly_static elementor-invisible elementor-widget elementor-widget-trx_sc_title\" data-id=\"734a02a\" data-element_type=\"widget\" data-e-type=\"widget\" data-settings=\"{&quot;_animation&quot;:&quot;carz-fadein&quot;}\" data-widget_type=\"trx_sc_title.default\">\n\t\t\t\t<div class=\"elementor-widget-container\">\n\t\t\t\t\t<div\t\tclass=\"sc_title sc_title_default\" ><h1 class=\"sc_item_title sc_title_title sc_item_title_style_default sc_item_title_tag\"\n\t\t\t><span class=\"sc_item_title_text\">Automobiliai lizingu \u2013 greita ir patogu<\/span><\/h1><div class=\"sc_item_descr sc_title_descr\"><p>Ie\u0161kote patikimo b\u016bdo \u012fsigyti automobil\u012f lizingu? M\u016bs\u0173 paslauga leid\u017eia tai padaryti greitai ir be r\u016bpes\u010di\u0173. Automobilio pirkimo lizingu procesas vyksta vos per tris paprastus \u017eingsnius, o pasirink\u0119 m\u016bs\u0173 paslaugas, galite d\u017eiaugtis patikimu finansavimo sprendimu jau t\u0105 pa\u010di\u0105 dien\u0105!<\/p>\n<p>Si\u016blome naudotus automobilius i\u0161simok\u0117tinai i\u0161 patikim\u0173 Vakar\u0173 Europos tiek\u0117j\u0173 su garantija. Dokument\u0173 tvarkymas u\u017etrunka ma\u017eiau nei 30 minu\u010di\u0173, o pradinio \u012fna\u0161o mok\u0117ti nereikia \u2013 juo pasir\u016bpiname mes. Be to, si\u016blome \u012fvairius garantij\u0173 paketus, u\u017etikrinan\u010dius saugum\u0105 ir patikimum\u0105.<\/p>\n<p>Jeigu jus domina automobiliai lizingu Vilniuje ar visoje Lietuvoje, kreipkit\u0117s \u012f mus \u2013 pad\u0117sime rasti geriausi\u0105 sprendim\u0105 pagal j\u016bs\u0173 poreikius!<\/p>\n<\/div><\/div>\t\t\t\t<\/div>\n\t\t\t\t<\/div>\n\t\t\t\t<div class=\"elementor-element elementor-element-9a7af9c sc_height_huge sc_fly_static elementor-widget elementor-widget-spacer\" data-id=\"9a7af9c\" data-element_type=\"widget\" data-e-type=\"widget\" data-widget_type=\"spacer.default\">\n\t\t\t\t<div class=\"elementor-widget-container\">\n\t\t\t\t\t\t\t<div class=\"elementor-spacer\">\n\t\t\t<div class=\"elementor-spacer-inner\"><\/div>\n\t\t<\/div>\n\t\t\t\t\t\t<\/div>\n\t\t\t\t<\/div>\n\t\t\t\t\t<\/div>\n\t\t<\/div>\n\t\t\t\t\t<\/div>\n\t\t<\/section>\n\t\t\t\t<\/div>","protected":false},"excerpt":{"rendered":"<p>Kaip tai vyksta? Automobilio pirkimo lizingu procesas su mumis yra gan paprastas &#8211; tiesiog 3 \u017eingsniai &#8211; ir automobilis J\u016bs\u0173! M\u016bs\u0173 specialistai susisieks su Jumis ir pad\u0117s rasti geriausi\u0105 finansavimo&hellip;<\/p>","protected":false},"author":1,"featured_media":0,"parent":0,"menu_order":0,"comment_status":"closed","ping_status":"closed","template":"","meta":{"footnotes":""},"class_list":["post-2440","page","type-page","status-publish","hentry"],"_links":{"self":[{"href":"https:\/\/cars-select.lt\/en\/wp-json\/wp\/v2\/pages\/2440","targetHints":{"allow":["GET"]}}],"collection":[{"href":"https:\/\/cars-select.lt\/en\/wp-json\/wp\/v2\/pages"}],"about":[{"href":"https:\/\/cars-select.lt\/en\/wp-json\/wp\/v2\/types\/page"}],"author":[{"embeddable":true,"href":"https:\/\/cars-select.lt\/en\/wp-json\/wp\/v2\/users\/1"}],"replies":[{"embeddable":true,"href":"https:\/\/cars-select.lt\/en\/wp-json\/wp\/v2\/comments?post=2440"}],"version-history":[{"count":16,"href":"https:\/\/cars-select.lt\/en\/wp-json\/wp\/v2\/pages\/2440\/revisions"}],"predecessor-version":[{"id":7262,"href":"https:\/\/cars-select.lt\/en\/wp-json\/wp\/v2\/pages\/2440\/revisions\/7262"}],"wp:attachment":[{"href":"https:\/\/cars-select.lt\/en\/wp-json\/wp\/v2\/media?parent=2440"}],"curies":[{"name":"wp","href":"https:\/\/api.w.org\/{rel}","templated":true}]}}